{"id":28,"date":"2018-01-08T20:06:59","date_gmt":"2018-01-08T20:06:59","guid":{"rendered":"https:\/\/cineteatrocolon.com.ar\/?page_id=28"},"modified":"2026-03-06T01:24:07","modified_gmt":"2026-03-06T00:24:07","slug":"teatro-cartelera","status":"publish","type":"page","link":"https:\/\/cineteatrocolon.com.ar\/?page_id=28","title":{"rendered":"Teatro Cartelera"},"content":{"rendered":"<div class=\"wpb-content-wrapper\"><p>[vc_row type=&#8221;full-nopad&#8221; css=&#8221;.vc_custom_1652372087868{background-color: #228ed6 !important;}&#8221;][vc_column][vc_empty_space height=&#8221;45px&#8221;][vc_column_text]<\/p>\n<h3 style=\"text-align: center;\"><span style=\"color: #ffffff;\">PR\u00d3XIMO ESTRENO TEATRAL<\/span><\/h3>\n<p>[\/vc_column_text][vc_empty_space height=&#8221;45px&#8221;][\/vc_column][\/vc_row][vc_row max_width=&#8221;1450&#8243;][vc_column][vc_empty_space height=&#8221;45px&#8221;][vc_column_text css=&#8221;&#8221;]<\/p>\n<h1 style=\"text-align: center;\"><strong>LAS GUERRAS K-POP\u00a0<\/strong><\/h1>\n<p>[\/vc_column_text][vc_empty_space height=&#8221;45px&#8221;][vc_empty_space height=&#8221;45px&#8221;][\/vc_column][\/vc_row][vc_row][vc_column width=&#8221;1\/3&#8243;][\/vc_column][vc_column width=&#8221;1\/3&#8243;][vc_column_text css=&#8221;&#8221;]<img loading=\"lazy\" decoding=\"async\" class=\"alignnone size-large wp-image-1559 aligncenter\" src=\"http:\/\/cineteatrocolon.com.ar\/wp-content\/uploads\/2026\/03\/entradas-sinverguenzas-724x1024.png\" alt=\"\" width=\"724\" height=\"1024\" srcset=\"https:\/\/cineteatrocolon.com.ar\/wp-content\/uploads\/2026\/03\/entradas-sinverguenzas-724x1024.png 724w, https:\/\/cineteatrocolon.com.ar\/wp-content\/uploads\/2026\/03\/entradas-sinverguenzas-212x300.png 212w, https:\/\/cineteatrocolon.com.ar\/wp-content\/uploads\/2026\/03\/entradas-sinverguenzas-768x1086.png 768w, https:\/\/cineteatrocolon.com.ar\/wp-content\/uploads\/2026\/03\/entradas-sinverguenzas-1086x1536.png 1086w, https:\/\/cineteatrocolon.com.ar\/wp-content\/uploads\/2026\/03\/entradas-sinverguenzas.png 1414w\" sizes=\"auto, (max-width: 724px) 100vw, 724px\" \/>[\/vc_column_text][\/vc_column][vc_column width=&#8221;1\/3&#8243;][\/vc_column][\/vc_row][vc_row][vc_column][vc_column_text css=&#8221;&#8221;]<\/p>\n<p style=\"text-align: center;\">\u00a1LAS GUERRERAS KPOP LLEGAN A COL\u00d3N BUENOS AIRES!<\/p>\n<p style=\"text-align: center;\">Como parte de su gira nacional, pasan por nuestra ciudad por primera vez el jueves 09 de abril a las 19hs, en nuestro escenario, para que puedas conocerlas en un magn\u00edfico espect\u00e1culo en vivo<\/p>\n<p style=\"text-align: center;\">\u2728 \ud83c\udfa4 \u00a1PROHIBIDO PERD\u00c9RSELO! LAS GUERRERAS DEL UNIVERSO: EL SHOW QUE CAMBIAR\u00c1 LAS REGLAS DEL JUEGO \ud83c\udfa4 \u2728<br \/>\n\u200b\u00a1La oscuridad est\u00e1 por llegar, pero el poder de la m\u00fasica y la amistad es INVENCIBLE! Una verdadera batalla entre guerreras y demonios.<br \/>\n\u200bTres j\u00f3venes artistas con un talento deslumbrante fueron elegidas con una misi\u00f3n ultrasecreta: detener el avance de la oscuridad y proteger la alegr\u00eda de todos.<br \/>\n\u201cGuerreras del universo\u201d, una versi\u00f3n teatral magn\u00edfica con los personajes de los cuales habla el mundo.<br \/>\nHUNTRIX vs. SAJA BOYS\u2026 maravillosa puesta!!!<\/p>\n<p>[\/vc_column_text][\/vc_column][\/vc_row]<\/p>\n<\/div>","protected":false},"excerpt":{"rendered":"<p>[vc_row type=&#8221;full-nopad&#8221; css=&#8221;.vc_custom_1652372087868{background-color: #228ed6 !important;}&#8221;][vc_column][vc_empty_space height=&#8221;45px&#8221;][vc_column_text] PR\u00d3XIMO ESTRENO TEATRAL [\/vc_column_text][vc_empty_space height=&#8221;45px&#8221;][\/vc_column][\/vc_row][vc_row max_width=&#8221;1450&#8243;][vc_column][vc_empty_space height=&#8221;45px&#8221;][vc_column_text css=&#8221;&#8221;] LAS GUERRAS K-POP\u00a0 [\/vc_column_text][vc_empty_space height=&#8221;45px&#8221;][vc_empty_space height=&#8221;45px&#8221;][\/vc_column][\/vc_row][vc_row][vc_column width=&#8221;1\/3&#8243;][\/vc_column][vc_column width=&#8221;1\/3&#8243;][vc_column_text css=&#8221;&#8221;][\/vc_column_text][\/vc_column][vc_column width=&#8221;1\/3&#8243;][\/vc_column][\/vc_row][vc_row][vc_column][vc_column_text css=&#8221;&#8221;] \u00a1LAS GUERRERAS KPOP LLEGAN A COL\u00d3N BUENOS AIRES! Como parte de su gira nacional, pasan por nuestra ciudad por primera vez el jueves 09 de abril a las 19hs, en &hellip;<\/p>\n","protected":false},"author":1,"featured_media":0,"parent":0,"menu_order":0,"comment_status":"closed","ping_status":"closed","template":"templates\/page-full.php","meta":{"footnotes":""},"class_list":["post-28","page","type-page","status-publish","hentry"],"_links":{"self":[{"href":"https:\/\/cineteatrocolon.com.ar\/index.php?rest_route=\/wp\/v2\/pages\/28","targetHints":{"allow":["GET"]}}],"collection":[{"href":"https:\/\/cineteatrocolon.com.ar\/index.php?rest_route=\/wp\/v2\/pages"}],"about":[{"href":"https:\/\/cineteatrocolon.com.ar\/index.php?rest_route=\/wp\/v2\/types\/page"}],"author":[{"embeddable":true,"href":"https:\/\/cineteatrocolon.com.ar\/index.php?rest_route=\/wp\/v2\/users\/1"}],"replies":[{"embeddable":true,"href":"https:\/\/cineteatrocolon.com.ar\/index.php?rest_route=%2Fwp%2Fv2%2Fcomments&post=28"}],"version-history":[{"count":7,"href":"https:\/\/cineteatrocolon.com.ar\/index.php?rest_route=\/wp\/v2\/pages\/28\/revisions"}],"predecessor-version":[{"id":1560,"href":"https:\/\/cineteatrocolon.com.ar\/index.php?rest_route=\/wp\/v2\/pages\/28\/revisions\/1560"}],"wp:attachment":[{"href":"https:\/\/cineteatrocolon.com.ar\/index.php?rest_route=%2Fwp%2Fv2%2Fmedia&parent=28"}],"curies":[{"name":"wp","href":"https:\/\/api.w.org\/{rel}","templated":true}]}}